{"id":793,"date":"2022-07-11T16:23:19","date_gmt":"2022-07-11T14:23:19","guid":{"rendered":"http:\/\/elydietetique.fr\/?page_id=793"},"modified":"2023-12-14T23:57:09","modified_gmt":"2023-12-14T22:57:09","slug":"lalimentation-intuitive","status":"publish","type":"page","link":"https:\/\/elydietetique.fr\/?page_id=793","title":{"rendered":"L&rsquo;alimentation intuitive"},"content":{"rendered":"\t\t<div data-elementor-type=\"wp-page\" data-elementor-id=\"793\" class=\"elementor elementor-793\">\n\t\t\t\t\t\t<section class=\"elementor-section elementor-top-section elementor-element elementor-element-663a2b13 elementor-section-boxed elementor-section-height-default elementor-section-height-default\" data-id=\"663a2b13\" data-element_type=\"section\" data-e-type=\"section\">\n\t\t\t\t\t\t<div class=\"elementor-container elementor-column-gap-default\">\n\t\t\t\t\t<div class=\"elementor-column elementor-col-100 elementor-top-column elementor-element elementor-element-4a1909c0\" data-id=\"4a1909c0\" data-element_type=\"column\" data-e-type=\"column\">\n\t\t\t<div class=\"elementor-widget-wrap elementor-element-populated\">\n\t\t\t\t\t\t<div class=\"elementor-element elementor-element-1373fea0 elementor-widget elementor-widget-text-editor\" data-id=\"1373fea0\" data-element_type=\"widget\" data-e-type=\"widget\" data-widget_type=\"text-editor.default\">\n\t\t\t\t<div class=\"elementor-widget-container\">\n\t\t\t\t\t\t\t\t\t<p>95% des r\u00e9gimes se terminent par un \u00e9chec : pulsions alimentaires, suralimentation, reprise de poids, perte de confiance et d&rsquo;estime de soi, esprit n\u00e9gatif &#8230;&nbsp;<\/p>\n<p>Pourquoi commencer un nouveau r\u00e9gime \u00e0 la mode ?&nbsp;<\/p>\n<p>Pourquoi se restreindre ou se frustrer ?&nbsp;<\/p>\n<p>\u00cates-vous capable de vous priver d&rsquo;un aliment jusqu&rsquo;\u00e0 la fin de vos jours ?&nbsp;<\/p>\n<p>Si vous n&rsquo;avez pas de pathologie, pourquoi supprimer des aliments ?&nbsp;<\/p>\n<p>Pourquoi vous souhaitez perdre du poids et vouloir \u00eatre<\/p><p>mince ?&nbsp;<\/p>\n<p>Ces questions et ces \u00e9l\u00e9ments font appel \u00e0 l&rsquo;alimentation intuitive.&nbsp;<\/p>\n<p>Retrouvez une satisfaction alimentaire, faites confiance aux signes de votre corps et trouver le poids qui vous correspond.<\/p>\n<p><span style=\"font-size: inherit;\">Je vous&nbsp;<\/span>accompagne<span style=\"font-size: inherit;\">&nbsp;sur ce processus de lib\u00e9ration de la culture des&nbsp;<\/span>r\u00e9gimes<span style=\"font-size: inherit;\">&nbsp;et cette pression de la minceur pour retrouver un \u00e9quilibre&nbsp;<\/span>alimentaire<span style=\"font-size: inherit;\">&nbsp;sain et une&nbsp;<\/span>alimentation<span style=\"font-size: inherit;\">&nbsp;sereine.&nbsp;&nbsp;<\/span><\/p>\n<p><\/p>\t\t\t\t\t\t\t\t<\/div>\n\t\t\t\t<\/div>\n\t\t\t\t\t<\/div>\n\t\t<\/div>\n\t\t\t\t\t<\/div>\n\t\t<\/section>\n\t\t\t\t<section class=\"elementor-section elementor-top-section elementor-element elementor-element-5d470b3 elementor-section-boxed elementor-section-height-default elementor-section-height-default\" data-id=\"5d470b3\" data-element_type=\"section\" data-e-type=\"section\">\n\t\t\t\t\t\t<div class=\"elementor-container elementor-column-gap-default\">\n\t\t\t\t\t<div class=\"elementor-column elementor-col-100 elementor-top-column elementor-element elementor-element-0356056\" data-id=\"0356056\" data-element_type=\"column\" data-e-type=\"column\">\n\t\t\t<div class=\"elementor-widget-wrap elementor-element-populated\">\n\t\t\t\t\t\t<div class=\"elementor-element elementor-element-60dc07a elementor-widget elementor-widget-image\" data-id=\"60dc07a\" data-element_type=\"widget\" data-e-type=\"widget\" data-widget_type=\"image.default\">\n\t\t\t\t<div class=\"elementor-widget-container\">\n\t\t\t\t\t\t\t\t\t\t\t\t\t\t\t<img fetchpriority=\"high\" decoding=\"async\" width=\"750\" height=\"375\" src=\"https:\/\/elydietetique.fr\/wp-content\/uploads\/2022\/08\/balance-g91a1f98b9_1280-1024x512.jpg\" class=\"attachment-large size-large wp-image-1006\" alt=\"\" srcset=\"https:\/\/elydietetique.fr\/wp-content\/uploads\/2022\/08\/balance-g91a1f98b9_1280-1024x512.jpg 1024w, https:\/\/elydietetique.fr\/wp-content\/uploads\/2022\/08\/balance-g91a1f98b9_1280-300x150.jpg 300w, https:\/\/elydietetique.fr\/wp-content\/uploads\/2022\/08\/balance-g91a1f98b9_1280-768x384.jpg 768w, https:\/\/elydietetique.fr\/wp-content\/uploads\/2022\/08\/balance-g91a1f98b9_1280.jpg 1280w\" sizes=\"(max-width: 750px) 100vw, 750px\" \/>\t\t\t\t\t\t\t\t\t\t\t\t\t\t\t<\/div>\n\t\t\t\t<\/div>\n\t\t\t\t\t<\/div>\n\t\t<\/div>\n\t\t\t\t\t<\/div>\n\t\t<\/section>\n\t\t\t\t<\/div>\n\t\t","protected":false},"excerpt":{"rendered":"<p>95% des r\u00e9gimes se terminent par un \u00e9chec : pulsions alimentaires, suralimentation, reprise de poids, perte de confiance et d&rsquo;estime de soi, esprit n\u00e9gatif &#8230;&nbsp; Pourquoi commencer un nouveau r\u00e9gime \u00e0 la mode ?&nbsp; Pourquoi se restreindre ou se frustrer ?&nbsp; \u00cates-vous capable de vous priver d&rsquo;un aliment jusqu&rsquo;\u00e0 la [&hellip;]<\/p>\n","protected":false},"author":1,"featured_media":0,"parent":0,"menu_order":0,"comment_status":"closed","ping_status":"closed","template":"","meta":{"_themeisle_gutenberg_block_has_review":false,"footnotes":""},"class_list":["post-793","page","type-page","status-publish","hentry"],"_links":{"self":[{"href":"https:\/\/elydietetique.fr\/index.php?rest_route=\/wp\/v2\/pages\/793","targetHints":{"allow":["GET"]}}],"collection":[{"href":"https:\/\/elydietetique.fr\/index.php?rest_route=\/wp\/v2\/pages"}],"about":[{"href":"https:\/\/elydietetique.fr\/index.php?rest_route=\/wp\/v2\/types\/page"}],"author":[{"embeddable":true,"href":"https:\/\/elydietetique.fr\/index.php?rest_route=\/wp\/v2\/users\/1"}],"replies":[{"embeddable":true,"href":"https:\/\/elydietetique.fr\/index.php?rest_route=%2Fwp%2Fv2%2Fcomments&post=793"}],"version-history":[{"count":7,"href":"https:\/\/elydietetique.fr\/index.php?rest_route=\/wp\/v2\/pages\/793\/revisions"}],"predecessor-version":[{"id":1009,"href":"https:\/\/elydietetique.fr\/index.php?rest_route=\/wp\/v2\/pages\/793\/revisions\/1009"}],"wp:attachment":[{"href":"https:\/\/elydietetique.fr\/index.php?rest_route=%2Fwp%2Fv2%2Fmedia&parent=793"}],"curies":[{"name":"wp","href":"https:\/\/api.w.org\/{rel}","templated":true}]}}